{"id":362,"date":"2021-02-03T13:42:24","date_gmt":"2021-02-03T12:42:24","guid":{"rendered":"https:\/\/www.jnsbetonboringen.be\/?page_id=362"},"modified":"2021-02-17T10:27:54","modified_gmt":"2021-02-17T09:27:54","slug":"betonboringen","status":"publish","type":"page","link":"https:\/\/www.jnsbetonboringen.be\/fr\/betonboringen\/","title":{"rendered":"Forage du b\u00e9ton"},"content":{"rendered":"<p>[vc_row full_width=\u00a0\u00bbstretch_row\u00a0\u00bb equal_height=\u00a0\u00bbyes\u00a0\u00bb el_class=\u00a0\u00bbcusrow overons\u00a0\u00bb css=\u00a0\u00bb.vc_custom_1608637530747{padding-top: 3em !important;padding-bottom: 3em !important;}\u00a0\u00bb][vc_column width=\u00a0\u00bb1\/3&Prime;][vc_single_image image=\u00a0\u00bb84&Prime; img_size=\u00a0\u00bbfull\u00a0\u00bb css=\u00a0\u00bb.vc_custom_1610089371948{margin-left: -25vw !important;}\u00a0\u00bb el_class=\u00a0\u00bbcusimg\u00a0\u00bb][\/vc_column][vc_column width=\u00a0\u00bb5\/12&Prime; el_class=\u00a0\u00bbmiddle-cuscolumn\u00a0\u00bb][vc_row_inner][vc_column_inner][vc_custom_heading text=\u00a0\u00bbBETONBORINGEN\u00a0\u00bb font_container=\u00a0\u00bbtag:h3|text_align:left|color:%23b0d033&Prime; use_theme_fonts=\u00a0\u00bbyes\u00a0\u00bb el_class=\u00a0\u00bbsmall-heading\u00a0\u00bb][vc_empty_space height=\u00a0\u00bb15px\u00a0\u00bb][vc_column_text]Le forage au diamant est utilis\u00e9 pour percer des trous ronds et\/ou des creux. JNS Betonboringen travaille pour des particuliers ainsi que pour de grands et petits entrepreneurs. Nous pouvons forer de bas en haut, en angle et aussi des forages profonds jusqu&rsquo;\u00e0 plusieurs m\u00e8tres. Ceci dans diff\u00e9rents types de pierre, allant de 6 mm \u00e0 1200 mm. Nos voitures de soci\u00e9t\u00e9 sont \u00e9quip\u00e9es en standard jusqu&rsquo;\u00e0 300 mm de diam\u00e8tre.<\/p>\n<p>Nous travaillons \u00e9galement dans des situations de finition, c&rsquo;est-\u00e0-dire des maisons et des b\u00e2timents finis. Ici, nous forons proprement avec la collecte de l&rsquo;eau.[\/vc_column_text][vc_empty_space height=\u00a0\u00bb45px\u00a0\u00bb][\/vc_column_inner][\/vc_row_inner][vc_row_inner][vc_column_inner][vc_btn title=\u00a0\u00bbONZE REFERENTIES\u00a0\u00bb link=\u00a0\u00bburl:%2F%23referenties|||\u00a0\u00bb el_class=\u00a0\u00bbcusgreen-btn cusbtn\u00a0\u00bb][\/vc_column_inner][\/vc_row_inner][\/vc_column][vc_column width=\u00a0\u00bb1\/4&Prime;][vc_single_image image=\u00a0\u00bb365&Prime; img_size=\u00a0\u00bbfull\u00a0\u00bb el_class=\u00a0\u00bbrightimg-inner\u00a0\u00bb][vc_empty_space height=\u00a0\u00bb15px\u00a0\u00bb][vc_single_image image=\u00a0\u00bb366&Prime; img_size=\u00a0\u00bbfull\u00a0\u00bb el_class=\u00a0\u00bbrightimg-inner\u00a0\u00bb][\/vc_column][\/vc_row][vc_row][vc_column][vc_separator color=\u00a0\u00bbcustom\u00a0\u00bb border_width=\u00a0\u00bb2&Prime; accent_color=\u00a0\u00bb#2a4256&Prime;][\/vc_column][\/vc_row][vc_row full_width=\u00a0\u00bbstretch_row\u00a0\u00bb equal_height=\u00a0\u00bbyes\u00a0\u00bb el_class=\u00a0\u00bbctabox\u00a0\u00bb css=\u00a0\u00bb.vc_custom_1608621704534{background-color: #a3d109 !important;}\u00a0\u00bb][vc_column width=\u00a0\u00bb1\/2&Prime; css=\u00a0\u00bb.vc_custom_1608620951472{margin-left: -25vw !important;background-image: url(https:\/\/www.jnsbetonboringen.be\/wp-content\/uploads\/2020\/12\/DNK09639.jpg?id=81) !important;background-position: center !important;background-repeat: no-repeat !important;background-size: cover !important;}\u00a0\u00bb el_class=\u00a0\u00bbcusimg-green\u00a0\u00bb][\/vc_column][vc_column width=\u00a0\u00bb1\/2&Prime;][vc_empty_space height=\u00a0\u00bb25px\u00a0\u00bb][vc_row_inner equal_height=\u00a0\u00bbyes\u00a0\u00bb content_placement=\u00a0\u00bbmiddle\u00a0\u00bb][vc_column_inner width=\u00a0\u00bb2\/3&Prime;][vc_custom_heading text=\u00a0\u00bbWIJ ZIJN<br \/>\nDRINGEND OP<br \/>\nZOEK NAAR!\u00a0\u00bb font_container=\u00a0\u00bbtag:h2|text_align:left|color:%23ffffff\u00a0\u00bb use_theme_fonts=\u00a0\u00bbyes\u00a0\u00bb el_class=\u00a0\u00bbcusheading\u00a0\u00bb][\/vc_column_inner][vc_column_inner width=\u00a0\u00bb1\/3&Prime;][vc_btn title=\u00a0\u00bbAPPLIQUER ICI\u00a0\u00bb link=\u00a0\u00bburl:%23|||\u00a0\u00bb el_class=\u00a0\u00bbcusgreen-btn cusbtn cusbtn-outline\u00a0\u00bb][\/vc_column_inner][\/vc_row_inner][vc_empty_space height=\u00a0\u00bb25px\u00a0\u00bb][\/vc_column][\/vc_row][vc_row el_id=\u00a0\u00bbreferenties\u00a0\u00bb][vc_column][vc_empty_space height=\u00a0\u00bb30px\u00a0\u00bb][vc_custom_heading text=\u00a0\u00bbONZE REFERENTIES\u00a0\u00bb font_container=\u00a0\u00bbtag:h2|text_align:center|color:%23354456&Prime; use_theme_fonts=\u00a0\u00bbyes\u00a0\u00bb el_class=\u00a0\u00bbcusheading\u00a0\u00bb][vc_empty_space height=\u00a0\u00bb30px\u00a0\u00bb][\/vc_column][\/vc_row][vc_row full_width=\u00a0\u00bbstretch_row_content_no_spaces\u00a0\u00bb el_class=\u00a0\u00bbportfolio-section\u00a0\u00bb css=\u00a0\u00bb.vc_custom_1608631676420{background: #ebecee url(https:\/\/www.jnsbetonboringen.be\/wp-content\/uploads\/2020\/12\/referces.png?id=119) !important;background-position: 0 0 !important;background-repeat: no-repeat !important;}\u00a0\u00bb][vc_column][vc_basic_grid post_type=\u00a0\u00bbportfolio\u00a0\u00bb max_items=\u00a0\u00bb9&Prime; show_filter=\u00a0\u00bbyes\u00a0\u00bb gap=\u00a0\u00bb0&Prime; filter_default_title=\u00a0\u00bbTOTAAL OVERZICHT\u00a0\u00bb grid_id=\u00a0\u00bbvc_gid:1613548984790-ae3ff03c-2dc7-6&Prime; filter_source=\u00a0\u00bbportfolio-types\u00a0\u00bb el_class=\u00a0\u00bbcusportfolio\u00a0\u00bb][\/vc_column][\/vc_row][vc_row][vc_column][vc_empty_space height=\u00a0\u00bb30px\u00a0\u00bb][vc_custom_heading text=\u00a0\u00bbINFORMATIE\/OFFERTE AANVRAAG\u00a0\u00bb font_container=\u00a0\u00bbtag:h2|text_align:center|color:%23354456&Prime; use_theme_fonts=\u00a0\u00bbyes\u00a0\u00bb el_class=\u00a0\u00bbcusheading\u00a0\u00bb][vc_empty_space height=\u00a0\u00bb30px\u00a0\u00bb][\/vc_column][\/vc_row][vc_row full_width=\u00a0\u00bbstretch_row\u00a0\u00bb equal_height=\u00a0\u00bbyes\u00a0\u00bb css=\u00a0\u00bb.vc_custom_1608632486864{background-color: #b0d033 !important;}\u00a0\u00bb el_class=\u00a0\u00bbcontactform\u00a0\u00bb][vc_column width=\u00a0\u00bb1\/3&Prime; el_class=\u00a0\u00bbcontact-left\u00a0\u00bb css=\u00a0\u00bb.vc_custom_1608632401931{margin-left: -25vw !important;background-image: url(https:\/\/www.jnsbetonboringen.be\/wp-content\/uploads\/2020\/12\/slider.jpg?id=78) !important;background-position: center !important;background-repeat: no-repeat !important;background-size: cover !important;}\u00a0\u00bb][\/vc_column][vc_column width=\u00a0\u00bb2\/3&Prime; css=\u00a0\u00bb.vc_custom_1608633756635{padding-left: 80px !important;}\u00a0\u00bb][vc_empty_space]<div role=\"form\" class=\"wpcf7\" id=\"wpcf7-f21-o1\" lang=\"nl-NL\" dir=\"ltr\">\n<div class=\"screen-reader-response\"><p role=\"status\" aria-live=\"polite\" aria-atomic=\"true\"><\/p> <ul><\/ul><\/div>\n<form action=\"\/fr\/wp-json\/wp\/v2\/pages\/362#wpcf7-f21-o1\" method=\"post\" class=\"wpcf7-form init\" novalidate=\"novalidate\" data-status=\"init\">\n<div style=\"display: none;\">\n<input type=\"hidden\" name=\"_wpcf7\" value=\"21\" \/>\n<input type=\"hidden\" name=\"_wpcf7_version\" value=\"5.4\" \/>\n<input type=\"hidden\" name=\"_wpcf7_locale\" value=\"nl_NL\" \/>\n<input type=\"hidden\" name=\"_wpcf7_unit_tag\" value=\"wpcf7-f21-o1\" \/>\n<input type=\"hidden\" name=\"_wpcf7_container_post\" value=\"0\" \/>\n<input type=\"hidden\" name=\"_wpcf7_posted_data_hash\" value=\"\" \/>\n<input type=\"hidden\" name=\"_wpcf7_recaptcha_response\" value=\"\" \/>\n<\/div>\n<p class=\"contact-text\">Vul hier jouw persoonlijke gegevens in en vraag vrijblijvende offerte of informatie op maat aan. Vergeet zeker niet hieronder aan te duiden waarvoor u een offerte of informatie aanvraagt.<\/p>\n<p><span class=\"wpcf7-form-control-wrap checkbox-619\"><span class=\"wpcf7-form-control wpcf7-checkbox wpcf7-validates-as-required cuschcekbox\"><span class=\"wpcf7-list-item first\"><label><input type=\"checkbox\" name=\"checkbox-619[]\" value=\"Betonboringen\" \/><span class=\"wpcf7-list-item-label\">Betonboringen<\/span><\/label><\/span><span class=\"wpcf7-list-item\"><label><input type=\"checkbox\" name=\"checkbox-619[]\" value=\"Vloerzaagwerken\" \/><span class=\"wpcf7-list-item-label\">Vloerzaagwerken<\/span><\/label><\/span><span class=\"wpcf7-list-item\"><label><input type=\"checkbox\" name=\"checkbox-619[]\" value=\"Wandzaagwerken\" \/><span class=\"wpcf7-list-item-label\">Wandzaagwerken<\/span><\/label><\/span><span class=\"wpcf7-list-item\"><label><input type=\"checkbox\" name=\"checkbox-619[]\" value=\"Kabelzaagwerken\" \/><span class=\"wpcf7-list-item-label\">Kabelzaagwerken<\/span><\/label><\/span><span class=\"wpcf7-list-item\"><label><input type=\"checkbox\" name=\"checkbox-619[]\" value=\"Slijp- &amp; kapwerken\" \/><span class=\"wpcf7-list-item-label\">Slijp- &amp; kapwerken<\/span><\/label><\/span><span class=\"wpcf7-list-item\"><label><input type=\"checkbox\" name=\"checkbox-619[]\" value=\"Chemische verankeringen\" \/><span class=\"wpcf7-list-item-label\">Chemische verankeringen<\/span><\/label><\/span><span class=\"wpcf7-list-item last\"><label><input type=\"checkbox\" name=\"checkbox-619[]\" value=\"Warme voegvulling\" \/><span class=\"wpcf7-list-item-label\">Warme voegvulling<\/span><\/label><\/span><\/span><\/span><\/p>\n<p><label><span class=\"wpcf7-form-control-wrap voornaam\"><input type=\"text\" name=\"voornaam\" value=\"\" size=\"40\" class=\"wpcf7-form-control wpcf7-text wpcf7-validates-as-required\" aria-required=\"true\" aria-invalid=\"false\" placeholder=\"Voornaam\" \/><\/span> <\/label><\/p>\n<p><label><span class=\"wpcf7-form-control-wrap achternaam\"><input type=\"text\" name=\"achternaam\" value=\"\" size=\"40\" class=\"wpcf7-form-control wpcf7-text wpcf7-validates-as-required\" aria-required=\"true\" aria-invalid=\"false\" placeholder=\"Achternaam\" \/><\/span> <\/label><\/p>\n<div class=\"cusfield\">\n<p><label>Facturatiegegevens: <\/label><\/p>\n<p><label><span class=\"wpcf7-form-control-wrap straatnaam\"><input type=\"text\" name=\"straatnaam\" value=\"\" size=\"40\" class=\"wpcf7-form-control wpcf7-text wpcf7-validates-as-required\" aria-required=\"true\" aria-invalid=\"false\" placeholder=\"Straatnaam &amp; Huisnummer\" \/><\/span> <\/label><\/p>\n<p><label><span class=\"wpcf7-form-control-wrap postgeme\"><input type=\"text\" name=\"postgeme\" value=\"\" size=\"40\" class=\"wpcf7-form-control wpcf7-text wpcf7-validates-as-required\" aria-required=\"true\" aria-invalid=\"false\" placeholder=\"Postcode &amp; Gemeente\" \/><\/span> <\/label><\/p>\n<p><label>Werfgegevens: <\/label><\/p>\n<p><label><span class=\"wpcf7-form-control-wrap Werfstraatnaam\"><input type=\"text\" name=\"Werfstraatnaam\" value=\"\" size=\"40\" class=\"wpcf7-form-control wpcf7-text wpcf7-validates-as-required\" aria-required=\"true\" aria-invalid=\"false\" placeholder=\"Straatnaam &amp; Huisnummer\" \/><\/span> <\/label><\/p>\n<p><label><span class=\"wpcf7-form-control-wrap Werfpostgeme\"><input type=\"text\" name=\"Werfpostgeme\" value=\"\" size=\"40\" class=\"wpcf7-form-control wpcf7-text wpcf7-validates-as-required\" aria-required=\"true\" aria-invalid=\"false\" placeholder=\"Postcode &amp; Gemeente\" \/><\/span> <\/label><\/p>\n<\/div>\n<p><label><span class=\"wpcf7-form-control-wrap telefoon\"><input type=\"text\" name=\"telefoon\" value=\"\" size=\"40\" class=\"wpcf7-form-control wpcf7-text wpcf7-validates-as-required\" aria-required=\"true\" aria-invalid=\"false\" placeholder=\"Telefoon\" \/><\/span> <\/label><\/p>\n<p><label><span class=\"wpcf7-form-control-wrap email\"><input type=\"email\" name=\"email\" value=\"\" size=\"40\" class=\"wpcf7-form-control wpcf7-text wpcf7-email wpcf7-validates-as-required wpcf7-validates-as-email\" aria-required=\"true\" aria-invalid=\"false\" placeholder=\"E-mail\" \/><\/span> <\/label><\/p>\n<p><label><span class=\"wpcf7-form-control-wrap bedrijfsnaam\"><input type=\"text\" name=\"bedrijfsnaam\" value=\"\" size=\"40\" class=\"wpcf7-form-control wpcf7-text\" aria-invalid=\"false\" placeholder=\"Bedrijfsnaam\" \/><\/span> <\/label><\/p>\n<p><label><span class=\"wpcf7-form-control-wrap btwnr\"><input type=\"text\" name=\"btwnr\" value=\"\" size=\"40\" class=\"wpcf7-form-control wpcf7-text\" aria-invalid=\"false\" placeholder=\"BTW nr. (enkel voor bedrijven)\" \/><\/span> <\/label><\/p>\n<p><label><span class=\"wpcf7-form-control-wrap bericht\"><textarea name=\"bericht\" cols=\"40\" rows=\"10\" class=\"wpcf7-form-control wpcf7-textarea wpcf7-validates-as-required\" aria-required=\"true\" aria-invalid=\"false\" placeholder=\"Bericht\"><\/textarea><\/span> <\/label><\/p>\n<p><label><span class=\"wpcf7-form-control-wrap Wanneerjedit\"><span class=\"wpcf7-form-control wpcf7-checkbox wpcf7-validates-as-required cuschcekbox\"><span class=\"wpcf7-list-item first last\"><label><input type=\"checkbox\" name=\"Wanneerjedit[]\" value=\"Wanneer je dit formulier gebruikt, ga je akkoord met de opslag en verwerking van jouw gegevens door deze website.\" \/><span class=\"wpcf7-list-item-label\">Wanneer je dit formulier gebruikt, ga je akkoord met de opslag en verwerking van jouw gegevens door deze website.<\/span><\/label><\/span><\/span><\/span><\/label><\/p>\n<p><input type=\"submit\" value=\"STUUR DOOR\" class=\"wpcf7-form-control wpcf7-submit\" \/><\/p>\n<input type='hidden' class='wpcf7-pum' value='{\"closepopup\":false,\"closedelay\":0,\"openpopup\":false,\"openpopup_id\":0}' \/><div class=\"wpcf7-response-output\" aria-hidden=\"true\"><\/div><\/form><\/div>[vc_empty_space][\/vc_column][\/vc_row][vc_row][vc_column][vc_empty_space height=\u00a0\u00bb50px\u00a0\u00bb][\/vc_column][\/vc_row][vc_row full_width=\u00a0\u00bbstretch_row_content_no_spaces\u00a0\u00bb el_class=\u00a0\u00bbcusmap-top\u00a0\u00bb el_id=\u00a0\u00bbcontact\u00a0\u00bb][vc_column][vc_gmaps link=\u00a0\u00bb#E-8_JTNDaWZyYW1lJTIwc3JjJTNEJTIyaHR0cHMlM0ElMkYlMkZ3d3cuZ29vZ2xlLmNvbSUyRm1hcHMlMkZlbWJlZCUzRnBiJTNEJTIxMW0xOCUyMTFtMTIlMjExbTMlMjExZDMxMy42NTcxNTQyMDcwNzE0NyUyMTJkNS4yMzMxNTcyNzUzNTIwNjMlMjEzZDUxLjAyOTg2OTU5OTk3NzA5JTIxMm0zJTIxMWYwJTIxMmYwJTIxM2YwJTIxM20yJTIxMWkxMDI0JTIxMmk3NjglMjE0ZjEzLjElMjEzbTMlMjExbTIlMjExczB4NDdjMGRkN2RiNjdiMzA2MSUyNTNBMHg0MDhiYWNmMjQ5NTU2NGElMjEyc0pOUyUyNTIwQmV0b25ib3JpbmdlbiUyMTVlMCUyMTNtMiUyMTFzZW4lMjEyc2luJTIxNHYxNjA4Mjk1OTUyNDEwJTIxNW0yJTIxMXNlbiUyMTJzaW4lMjIlMjB3aWR0aCUzRCUyMjEwMCUyNSUyMiUyMGhlaWdodCUzRCUyMjQ1MCUyMiUyMGZyYW1lYm9yZGVyJTNEJTIyMCUyMiUyMHN0eWxlJTNEJTIyYm9yZGVyJTNBMCUzQiUyMiUyMGFsbG93ZnVsbHNjcmVlbiUzRCUyMiUyMiUyMGFyaWEtaGlkZGVuJTNEJTIyZmFsc2UlMjIlMjB0YWJpbmRleCUzRCUyMjAlMjIlM0UlM0MlMkZpZnJhbWUlM0U=\u00a0\u00bb el_class=\u00a0\u00bbcusmap\u00a0\u00bb][\/vc_column][\/vc_row][vc_row][vc_column][vc_empty_space height=\u00a0\u00bb50px\u00a0\u00bb][\/vc_column][\/vc_row]<\/p>\n","protected":false},"excerpt":{"rendered":"<p>[vc_row full_width=\u00a0\u00bbstretch_row\u00a0\u00bb equal_height=\u00a0\u00bbyes\u00a0\u00bb el_class=\u00a0\u00bbcusrow overons\u00a0\u00bb css=\u00a0\u00bb.vc_custom_1608637530747{padding-top: 3em !important;padding-bottom: 3em !important;}\u00a0\u00bb][vc_column width=\u00a0\u00bb1\/3&Prime;][vc_single_image image=\u00a0\u00bb84&Prime; img_size=\u00a0\u00bbfull\u00a0\u00bb css=\u00a0\u00bb.vc_custom_1610089371948{margin-left: -25vw !important;}\u00a0\u00bb el_class=\u00a0\u00bbcusimg\u00a0\u00bb][\/vc_column][vc_column width=\u00a0\u00bb5\/12&Prime; el_class=\u00a0\u00bbmiddle-cuscolumn\u00a0\u00bb][vc_row_inner][vc_column_inner][vc_custom_heading text=\u00a0\u00bbBETONBORINGEN\u00a0\u00bb font_container=\u00a0\u00bbtag:h3|text_align:left|color:%23b0d033&Prime; use_theme_fonts=\u00a0\u00bbyes\u00a0\u00bb el_class=\u00a0\u00bbsmall-heading\u00a0\u00bb][vc_empty_space height=\u00a0\u00bb15px\u00a0\u00bb][vc_column_text]Le forage au<span class=\"excerpt-hellip\"> [\u2026]<\/span><\/p>\n","protected":false},"author":9,"featured_media":0,"parent":0,"menu_order":0,"comment_status":"closed","ping_status":"closed","template":"","meta":{"inline_featured_image":false},"yoast_head":"<!-- This site is optimized with the Yoast SEO plugin v15.9.1 - https:\/\/yoast.com\/wordpress\/plugins\/seo\/ -->\n<title>Forage du b\u00e9ton - JNS Betonboringen<\/title>\n<meta name=\"robots\" content=\"index, follow, max-snippet:-1, max-image-preview:large, max-video-preview:-1\" \/>\n<link rel=\"canonical\" href=\"https:\/\/www.jnsbetonboringen.be\/fr\/betonboringen\/\" \/>\n<meta property=\"og:locale\" content=\"fr_FR\" \/>\n<meta property=\"og:type\" content=\"article\" \/>\n<meta property=\"og:title\" content=\"Forage du b\u00e9ton - JNS Betonboringen\" \/>\n<meta property=\"og:description\" content=\"[vc_row full_width=\u00a0\u00bbstretch_row\u00a0\u00bb equal_height=\u00a0\u00bbyes\u00a0\u00bb el_class=\u00a0\u00bbcusrow overons\u00a0\u00bb css=\u00a0\u00bb.vc_custom_1608637530747{padding-top: 3em !important;padding-bottom: 3em !important;}\u00a0\u00bb][vc_column width=\u00a0\u00bb1\/3&Prime;][vc_single_image image=\u00a0\u00bb84&Prime; img_size=\u00a0\u00bbfull\u00a0\u00bb css=\u00a0\u00bb.vc_custom_1610089371948{margin-left: -25vw !important;}\u00a0\u00bb el_class=\u00a0\u00bbcusimg\u00a0\u00bb][\/vc_column][vc_column width=\u00a0\u00bb5\/12&Prime; el_class=\u00a0\u00bbmiddle-cuscolumn\u00a0\u00bb][vc_row_inner][vc_column_inner][vc_custom_heading text=\u00a0\u00bbBETONBORINGEN\u00a0\u00bb font_container=\u00a0\u00bbtag:h3|text_align:left|color:%23b0d033&Prime; use_theme_fonts=\u00a0\u00bbyes\u00a0\u00bb el_class=\u00a0\u00bbsmall-heading\u00a0\u00bb][vc_empty_space height=\u00a0\u00bb15px\u00a0\u00bb][vc_column_text]Le forage au [\u2026]\" \/>\n<meta property=\"og:url\" content=\"https:\/\/www.jnsbetonboringen.be\/fr\/betonboringen\/\" \/>\n<meta property=\"og:site_name\" content=\"JNS Betonboringen\" \/>\n<meta property=\"article:modified_time\" content=\"2021-02-17T09:27:54+00:00\" \/>\n<meta name=\"twitter:card\" content=\"summary_large_image\" \/>\n<meta name=\"twitter:label1\" content=\"Dur\u00e9e de lecture est.\">\n\t<meta name=\"twitter:data1\" content=\"4 minutes\">\n<script type=\"application\/ld+json\" class=\"yoast-schema-graph\">{\"@context\":\"https:\/\/schema.org\",\"@graph\":[{\"@type\":\"WebSite\",\"@id\":\"https:\/\/www.jnsbetonboringen.be\/fr\/#website\",\"url\":\"https:\/\/www.jnsbetonboringen.be\/fr\/\",\"name\":\"JNS Betonboringen\",\"description\":\"\",\"potentialAction\":[{\"@type\":\"SearchAction\",\"target\":\"https:\/\/www.jnsbetonboringen.be\/fr\/?s={search_term_string}\",\"query-input\":\"required name=search_term_string\"}],\"inLanguage\":\"fr-FR\"},{\"@type\":\"WebPage\",\"@id\":\"https:\/\/www.jnsbetonboringen.be\/fr\/betonboringen\/#webpage\",\"url\":\"https:\/\/www.jnsbetonboringen.be\/fr\/betonboringen\/\",\"name\":\"Forage du b\\u00e9ton - JNS Betonboringen\",\"isPartOf\":{\"@id\":\"https:\/\/www.jnsbetonboringen.be\/fr\/#website\"},\"datePublished\":\"2021-02-03T12:42:24+00:00\",\"dateModified\":\"2021-02-17T09:27:54+00:00\",\"breadcrumb\":{\"@id\":\"https:\/\/www.jnsbetonboringen.be\/fr\/betonboringen\/#breadcrumb\"},\"inLanguage\":\"fr-FR\",\"potentialAction\":[{\"@type\":\"ReadAction\",\"target\":[\"https:\/\/www.jnsbetonboringen.be\/fr\/betonboringen\/\"]}]},{\"@type\":\"BreadcrumbList\",\"@id\":\"https:\/\/www.jnsbetonboringen.be\/fr\/betonboringen\/#breadcrumb\",\"itemListElement\":[{\"@type\":\"ListItem\",\"position\":1,\"item\":{\"@type\":\"WebPage\",\"@id\":\"https:\/\/www.jnsbetonboringen.be\/fr\/\",\"url\":\"https:\/\/www.jnsbetonboringen.be\/fr\/\",\"name\":\"Home\"}},{\"@type\":\"ListItem\",\"position\":2,\"item\":{\"@type\":\"WebPage\",\"@id\":\"https:\/\/www.jnsbetonboringen.be\/fr\/betonboringen\/\",\"url\":\"https:\/\/www.jnsbetonboringen.be\/fr\/betonboringen\/\",\"name\":\"Forage du b\\u00e9ton\"}}]}]}<\/script>\n<!-- \/ Yoast SEO plugin. -->","_links":{"self":[{"href":"https:\/\/www.jnsbetonboringen.be\/fr\/wp-json\/wp\/v2\/pages\/362"}],"collection":[{"href":"https:\/\/www.jnsbetonboringen.be\/fr\/wp-json\/wp\/v2\/pages"}],"about":[{"href":"https:\/\/www.jnsbetonboringen.be\/fr\/wp-json\/wp\/v2\/types\/page"}],"author":[{"embeddable":true,"href":"https:\/\/www.jnsbetonboringen.be\/fr\/wp-json\/wp\/v2\/users\/9"}],"replies":[{"embeddable":true,"href":"https:\/\/www.jnsbetonboringen.be\/fr\/wp-json\/wp\/v2\/comments?post=362"}],"version-history":[{"count":5,"href":"https:\/\/www.jnsbetonboringen.be\/fr\/wp-json\/wp\/v2\/pages\/362\/revisions"}],"predecessor-version":[{"id":486,"href":"https:\/\/www.jnsbetonboringen.be\/fr\/wp-json\/wp\/v2\/pages\/362\/revisions\/486"}],"wp:attachment":[{"href":"https:\/\/www.jnsbetonboringen.be\/fr\/wp-json\/wp\/v2\/media?parent=362"}],"curies":[{"name":"wp","href":"https:\/\/api.w.org\/{rel}","templated":true}]}}