{"id":428,"date":"2021-02-03T15:05:53","date_gmt":"2021-02-03T14:05:53","guid":{"rendered":"https:\/\/www.jnsbetonboringen.be\/?page_id=428"},"modified":"2021-02-03T15:05:53","modified_gmt":"2021-02-03T14:05:53","slug":"vacature","status":"publish","type":"page","link":"https:\/\/www.jnsbetonboringen.be\/fr\/vacature\/","title":{"rendered":"Vacature"},"content":{"rendered":"<p>[vc_row css=\u00a0\u00bb.vc_custom_1608791097052{padding-top: 2em !important;padding-bottom: 4em !important;}\u00a0\u00bb][vc_column][vc_custom_heading text=\u00a0\u00bbWIJ WERKEN HEEL HET BOUWVERLOF DOOR &#8211; 24\/24 7OP7 BEREIKBAAR.\u00a0\u00bb font_container=\u00a0\u00bbtag:h2|text_align:center|color:%238ebf42&Prime; use_theme_fonts=\u00a0\u00bbyes\u00a0\u00bb][vc_empty_space][vc_column_text css=\u00a0\u00bb.vc_custom_1608801542228{margin-top: 30px !important;}\u00a0\u00bb]<div class=\"job_listings\" data-location=\"\" data-keywords=\"\" data-show_filters=\"true\" data-show_pagination=\"false\" data-per_page=\"10\" data-orderby=\"featured\" data-order=\"DESC\" data-categories=\"\" data-disable-form-state-storage=\"\" data-post_id=\"428\" >\n<form class=\"job_filters\">\n\t\n\t<div class=\"search_jobs\">\n\t\t\n\t\t<div class=\"search_keywords\">\n\t\t\t<label for=\"search_keywords\">Mots-cl\u00e9s<\/label>\n\t\t\t<input type=\"text\" name=\"search_keywords\" id=\"search_keywords\" placeholder=\"Mots-cl\u00e9s\" value=\"\" \/>\n\t\t<\/div>\n\n\t\t<div class=\"search_location\">\n\t\t\t<label for=\"search_location\">Lieu du poste<\/label>\n\t\t\t<input type=\"text\" name=\"search_location\" id=\"search_location\" placeholder=\"Lieu du poste\" value=\"\" \/>\n\t\t<\/div>\n\n\t\t<div style=\"clear: both\"><\/div>\n\n\t\t\n\t\t\t\t\t<div class=\"search_submit\">\n\t\t\t\t<input type=\"submit\" value=\"Rechercher des postes\">\n\t\t\t<\/div>\n\t\t\n\t\t\t<\/div>\n\n\t\t<ul class=\"job_types\">\n\t\t\t<\/ul>\n\t<input type=\"hidden\" name=\"filter_job_type[]\" value=\"\" \/>\n<div class=\"showing_jobs\"><\/div><\/form>\n\n\n<noscript>Votre navigateur ne supporte pas JavaScript, ou bien JavaScript est d\u00e9sactiv\u00e9. JavaScript doit \u00eatre activ\u00e9 pour pouvoir visualiser des postes.<\/noscript>\n<ul class=\"job_listings\">\n<\/ul>\n<a class=\"load_more_jobs\" href=\"#\" style=\"display:none;\"><strong>Afficher plus de postes<\/strong><\/a><\/div>[\/vc_column_text][\/vc_column][\/vc_row]<\/p>\n","protected":false},"excerpt":{"rendered":"<p>[vc_row css=\u00a0\u00bb.vc_custom_1608791097052{padding-top: 2em !important;padding-bottom: 4em !important;}\u00a0\u00bb][vc_column][vc_custom_heading text=\u00a0\u00bbWIJ WERKEN HEEL HET BOUWVERLOF DOOR &#8211; 24\/24 7OP7 BEREIKBAAR.\u00a0\u00bb font_container=\u00a0\u00bbtag:h2|text_align:center|color:%238ebf42&Prime; use_theme_fonts=\u00a0\u00bbyes\u00a0\u00bb][vc_empty_space][vc_column_text css=\u00a0\u00bb.vc_custom_1608801542228{margin-top: 30px !important;}\u00a0\u00bb][\/vc_column_text][\/vc_column][\/vc_row]<\/p>\n","protected":false},"author":9,"featured_media":0,"parent":0,"menu_order":0,"comment_status":"closed","ping_status":"closed","template":"","meta":{"inline_featured_image":false},"yoast_head":"<!-- This site is optimized with the Yoast SEO plugin v15.9.1 - https:\/\/yoast.com\/wordpress\/plugins\/seo\/ -->\n<title>Vacature - JNS Betonboringen<\/title>\n<meta name=\"robots\" content=\"index, follow, max-snippet:-1, max-image-preview:large, max-video-preview:-1\" \/>\n<link rel=\"canonical\" href=\"https:\/\/www.jnsbetonboringen.be\/fr\/vacature\/\" \/>\n<meta property=\"og:locale\" content=\"fr_FR\" \/>\n<meta property=\"og:type\" content=\"article\" \/>\n<meta property=\"og:title\" content=\"Vacature - JNS Betonboringen\" \/>\n<meta property=\"og:description\" content=\"[vc_row css=\u00a0\u00bb.vc_custom_1608791097052{padding-top: 2em !important;padding-bottom: 4em !important;}\u00a0\u00bb][vc_column][vc_custom_heading text=\u00a0\u00bbWIJ WERKEN HEEL HET BOUWVERLOF DOOR &#8211; 24\/24 7OP7 BEREIKBAAR.\u00a0\u00bb font_container=\u00a0\u00bbtag:h2|text_align:center|color:%238ebf42&Prime; use_theme_fonts=\u00a0\u00bbyes\u00a0\u00bb][vc_empty_space][vc_column_text css=\u00a0\u00bb.vc_custom_1608801542228{margin-top: 30px !important;}\u00a0\u00bb][\/vc_column_text][\/vc_column][\/vc_row]\" \/>\n<meta property=\"og:url\" content=\"https:\/\/www.jnsbetonboringen.be\/fr\/vacature\/\" \/>\n<meta property=\"og:site_name\" content=\"JNS Betonboringen\" \/>\n<meta name=\"twitter:card\" content=\"summary_large_image\" \/>\n<script type=\"application\/ld+json\" class=\"yoast-schema-graph\">{\"@context\":\"https:\/\/schema.org\",\"@graph\":[{\"@type\":\"WebSite\",\"@id\":\"https:\/\/www.jnsbetonboringen.be\/fr\/#website\",\"url\":\"https:\/\/www.jnsbetonboringen.be\/fr\/\",\"name\":\"JNS Betonboringen\",\"description\":\"\",\"potentialAction\":[{\"@type\":\"SearchAction\",\"target\":\"https:\/\/www.jnsbetonboringen.be\/fr\/?s={search_term_string}\",\"query-input\":\"required name=search_term_string\"}],\"inLanguage\":\"fr-FR\"},{\"@type\":\"WebPage\",\"@id\":\"https:\/\/www.jnsbetonboringen.be\/fr\/vacature\/#webpage\",\"url\":\"https:\/\/www.jnsbetonboringen.be\/fr\/vacature\/\",\"name\":\"Vacature - JNS Betonboringen\",\"isPartOf\":{\"@id\":\"https:\/\/www.jnsbetonboringen.be\/fr\/#website\"},\"datePublished\":\"2021-02-03T14:05:53+00:00\",\"dateModified\":\"2021-02-03T14:05:53+00:00\",\"breadcrumb\":{\"@id\":\"https:\/\/www.jnsbetonboringen.be\/fr\/vacature\/#breadcrumb\"},\"inLanguage\":\"fr-FR\",\"potentialAction\":[{\"@type\":\"ReadAction\",\"target\":[\"https:\/\/www.jnsbetonboringen.be\/fr\/vacature\/\"]}]},{\"@type\":\"BreadcrumbList\",\"@id\":\"https:\/\/www.jnsbetonboringen.be\/fr\/vacature\/#breadcrumb\",\"itemListElement\":[{\"@type\":\"ListItem\",\"position\":1,\"item\":{\"@type\":\"WebPage\",\"@id\":\"https:\/\/www.jnsbetonboringen.be\/fr\/\",\"url\":\"https:\/\/www.jnsbetonboringen.be\/fr\/\",\"name\":\"Home\"}},{\"@type\":\"ListItem\",\"position\":2,\"item\":{\"@type\":\"WebPage\",\"@id\":\"https:\/\/www.jnsbetonboringen.be\/fr\/vacature\/\",\"url\":\"https:\/\/www.jnsbetonboringen.be\/fr\/vacature\/\",\"name\":\"Vacature\"}}]}]}<\/script>\n<!-- \/ Yoast SEO plugin. -->","_links":{"self":[{"href":"https:\/\/www.jnsbetonboringen.be\/fr\/wp-json\/wp\/v2\/pages\/428"}],"collection":[{"href":"https:\/\/www.jnsbetonboringen.be\/fr\/wp-json\/wp\/v2\/pages"}],"about":[{"href":"https:\/\/www.jnsbetonboringen.be\/fr\/wp-json\/wp\/v2\/types\/page"}],"author":[{"embeddable":true,"href":"https:\/\/www.jnsbetonboringen.be\/fr\/wp-json\/wp\/v2\/users\/9"}],"replies":[{"embeddable":true,"href":"https:\/\/www.jnsbetonboringen.be\/fr\/wp-json\/wp\/v2\/comments?post=428"}],"version-history":[{"count":1,"href":"https:\/\/www.jnsbetonboringen.be\/fr\/wp-json\/wp\/v2\/pages\/428\/revisions"}],"predecessor-version":[{"id":429,"href":"https:\/\/www.jnsbetonboringen.be\/fr\/wp-json\/wp\/v2\/pages\/428\/revisions\/429"}],"wp:attachment":[{"href":"https:\/\/www.jnsbetonboringen.be\/fr\/wp-json\/wp\/v2\/media?parent=428"}],"curies":[{"name":"wp","href":"https:\/\/api.w.org\/{rel}","templated":true}]}}